{"id":1011,"date":"2024-02-15T12:52:37","date_gmt":"2024-02-15T12:52:37","guid":{"rendered":"https:\/\/flattered-2024.fera.miewstudio.com\/portugal-2020\/"},"modified":"2025-01-10T14:02:26","modified_gmt":"2025-01-10T14:02:26","slug":"portugal-2020","status":"publish","type":"page","link":"https:\/\/flattered-2024.fera.miewstudio.com\/pt-pt\/portugal-2020\/","title":{"rendered":"Portugal 2020"},"content":{"rendered":"<div class=\"wpb-content-wrapper\"><p>[vc_row row_height_percent=&#8221;0&#8243; columns_gutter=&#8221;&#8221; override_padding=&#8221;yes&#8221; h_padding=&#8221;1&#8243; top_padding=&#8221;3&#8243; bottom_padding=&#8221;2&#8243; shift_y=&#8221;0&#8243; z_index=&#8221;0&#8243; el_class=&#8221;pt-adapt-12 pt-adapt-md-10&#8243;][vc_column width=&#8221;1\/4&#8243;][\/vc_column][vc_column width=&#8221;1\/2&#8243;][vc_custom_heading auto_text=&#8221;yes&#8221; heading_semantic=&#8221;h1&#8243; text_size=&#8221;h3&#8243; el_class=&#8221;alternative-font&#8221;][\/vc_custom_heading][vc_column_text el_class=&#8221;mt-adapt-4&#8243;]<strong>Designa\u00e7\u00e3o do projeto:<\/strong> Flattered Apartments <strong>C\u00f3digo do projeto:<\/strong> NORTE-06-38D7-FEDER-001096 <strong>Objetivo principal:<\/strong> Desenvolvimento e aplica\u00e7\u00e3o de novos modelos empresariais para as PME, com vista \u00e0 internacionaliza\u00e7\u00e3o. <strong>Regi\u00e3o de interven\u00e7\u00e3o:<\/strong> Porto <strong>Entidade benefici\u00e1ria:<\/strong> Rita Alves, Miguel Mateus &amp; Catarina Silva LDA. <strong>Data de aprova\u00e7\u00e3o:<\/strong> 24-02-2021 <strong>Data de in\u00edcio:<\/strong> 01-03-2021 <strong>Data de conclus\u00e3o:<\/strong> 28-02-2022<\/p>\n<p>[\/vc_column_text][vc_single_image media=&#8221;88&#8243; el_class=&#8221;mt-adapt-6 mb-adapt-6&#8243;][\/vc_single_image][\/vc_column][vc_column width=&#8221;1\/4&#8243;][\/vc_column][\/vc_row]<\/p>\n<\/div>","protected":false},"excerpt":{"rendered":"<p>[vc_row row_height_percent=&#8221;0&#8243; columns_gutter=&#8221;&#8221; override_padding=&#8221;yes&#8221; h_padding=&#8221;1&#8243; top_padding=&#8221;3&#8243; bottom_padding=&#8221;2&#8243; shift_y=&#8221;0&#8243; z_index=&#8221;0&#8243; el_class=&#8221;pt-adapt-12 pt-adapt-md-10&#8243;][vc_column width=&#8221;1\/4&#8243;][\/vc_column][vc_column width=&#8221;1\/2&#8243;][vc_custom_heading auto_text=&#8221;yes&#8221; heading_semantic=&#8221;h1&#8243; text_size=&#8221;h3&#8243; el_class=&#8221;alternative-font&#8221;][\/vc_custom_heading][vc_column_text el_class=&#8221;mt-adapt-4&#8243;]Designa\u00e7\u00e3o do projeto: Flattered Apartments C\u00f3digo do projeto: NORTE-06-38D7-FEDER-001096 Objetivo principal: Desenvolvimento e aplica\u00e7\u00e3o de novos modelos empresariais para as PME, com vista \u00e0 internacionaliza\u00e7\u00e3o. Regi\u00e3o de interven\u00e7\u00e3o: Porto Entidade benefici\u00e1ria: Rita Alves, Miguel Mateus &amp; Catarina Silva [&hellip;]<\/p>\n","protected":false},"author":1,"featured_media":0,"parent":0,"menu_order":0,"comment_status":"closed","ping_status":"closed","template":"","meta":{"footnotes":""},"class_list":["post-1011","page","type-page","status-publish","hentry"],"acf":[],"yoast_head":"<!-- This site is optimized with the Yoast SEO plugin v25.0 - https:\/\/yoast.com\/wordpress\/plugins\/seo\/ -->\n<title>Portugal 2020 - Flattered<\/title>\n<meta name=\"robots\" content=\"noindex, follow, max-snippet:-1, max-image-preview:large, max-video-preview:-1\" \/>\n<meta property=\"og:locale\" content=\"pt_PT\" \/>\n<meta property=\"og:type\" content=\"article\" \/>\n<meta property=\"og:title\" content=\"Portugal 2020 - Flattered\" \/>\n<meta property=\"og:description\" content=\"[vc_row row_height_percent=&#8221;0&#8243; columns_gutter=&#8221;&#8221; override_padding=&#8221;yes&#8221; h_padding=&#8221;1&#8243; top_padding=&#8221;3&#8243; bottom_padding=&#8221;2&#8243; shift_y=&#8221;0&#8243; z_index=&#8221;0&#8243; el_class=&#8221;pt-adapt-12 pt-adapt-md-10&#8243;][vc_column width=&#8221;1\/4&#8243;][\/vc_column][vc_column width=&#8221;1\/2&#8243;][vc_custom_heading auto_text=&#8221;yes&#8221; heading_semantic=&#8221;h1&#8243; text_size=&#8221;h3&#8243; el_class=&#8221;alternative-font&#8221;][\/vc_custom_heading][vc_column_text el_class=&#8221;mt-adapt-4&#8243;]Designa\u00e7\u00e3o do projeto: Flattered Apartments C\u00f3digo do projeto: NORTE-06-38D7-FEDER-001096 Objetivo principal: Desenvolvimento e aplica\u00e7\u00e3o de novos modelos empresariais para as PME, com vista \u00e0 internacionaliza\u00e7\u00e3o. Regi\u00e3o de interven\u00e7\u00e3o: Porto Entidade benefici\u00e1ria: Rita Alves, Miguel Mateus &amp; Catarina Silva [&hellip;]\" \/>\n<meta property=\"og:url\" content=\"https:\/\/flattered-2024.fera.miewstudio.com\/pt-pt\/portugal-2020\/\" \/>\n<meta property=\"og:site_name\" content=\"Flattered\" \/>\n<meta property=\"article:modified_time\" content=\"2025-01-10T14:02:26+00:00\" \/>\n<meta name=\"twitter:card\" content=\"summary_large_image\" \/>\n<meta name=\"twitter:label1\" content=\"Tempo estimado de leitura\" \/>\n\t<meta name=\"twitter:data1\" content=\"1 minuto\" \/>\n<script type=\"application\/ld+json\" class=\"yoast-schema-graph\">{\"@context\":\"https:\/\/schema.org\",\"@graph\":[{\"@type\":\"WebPage\",\"@id\":\"https:\/\/flattered-2024.fera.miewstudio.com\/pt-pt\/portugal-2020\/\",\"url\":\"https:\/\/flattered-2024.fera.miewstudio.com\/pt-pt\/portugal-2020\/\",\"name\":\"Portugal 2020 - Flattered\",\"isPartOf\":{\"@id\":\"https:\/\/flattered-2024.fera.miewstudio.com\/pt-pt\/#website\"},\"datePublished\":\"2024-02-15T12:52:37+00:00\",\"dateModified\":\"2025-01-10T14:02:26+00:00\",\"inLanguage\":\"pt-PT\",\"potentialAction\":[{\"@type\":\"ReadAction\",\"target\":[\"https:\/\/flattered-2024.fera.miewstudio.com\/pt-pt\/portugal-2020\/\"]}]},{\"@type\":\"WebSite\",\"@id\":\"https:\/\/flattered-2024.fera.miewstudio.com\/pt-pt\/#website\",\"url\":\"https:\/\/flattered-2024.fera.miewstudio.com\/pt-pt\/\",\"name\":\"Flattered\",\"description\":\"Flattered is a Portuguese hospitality project offering serviced apartments in Porto, Lisbon, Tomar and Algarve.\",\"potentialAction\":[{\"@type\":\"SearchAction\",\"target\":{\"@type\":\"EntryPoint\",\"urlTemplate\":\"https:\/\/flattered-2024.fera.miewstudio.com\/pt-pt\/?s={search_term_string}\"},\"query-input\":{\"@type\":\"PropertyValueSpecification\",\"valueRequired\":true,\"valueName\":\"search_term_string\"}}],\"inLanguage\":\"pt-PT\"}]}<\/script>\n<!-- \/ Yoast SEO plugin. -->","yoast_head_json":{"title":"Portugal 2020 - Flattered","robots":{"index":"noindex","follow":"follow","max-snippet":"max-snippet:-1","max-image-preview":"max-image-preview:large","max-video-preview":"max-video-preview:-1"},"og_locale":"pt_PT","og_type":"article","og_title":"Portugal 2020 - Flattered","og_description":"[vc_row row_height_percent=&#8221;0&#8243; columns_gutter=&#8221;&#8221; override_padding=&#8221;yes&#8221; h_padding=&#8221;1&#8243; top_padding=&#8221;3&#8243; bottom_padding=&#8221;2&#8243; shift_y=&#8221;0&#8243; z_index=&#8221;0&#8243; el_class=&#8221;pt-adapt-12 pt-adapt-md-10&#8243;][vc_column width=&#8221;1\/4&#8243;][\/vc_column][vc_column width=&#8221;1\/2&#8243;][vc_custom_heading auto_text=&#8221;yes&#8221; heading_semantic=&#8221;h1&#8243; text_size=&#8221;h3&#8243; el_class=&#8221;alternative-font&#8221;][\/vc_custom_heading][vc_column_text el_class=&#8221;mt-adapt-4&#8243;]Designa\u00e7\u00e3o do projeto: Flattered Apartments C\u00f3digo do projeto: NORTE-06-38D7-FEDER-001096 Objetivo principal: Desenvolvimento e aplica\u00e7\u00e3o de novos modelos empresariais para as PME, com vista \u00e0 internacionaliza\u00e7\u00e3o. Regi\u00e3o de interven\u00e7\u00e3o: Porto Entidade benefici\u00e1ria: Rita Alves, Miguel Mateus &amp; Catarina Silva [&hellip;]","og_url":"https:\/\/flattered-2024.fera.miewstudio.com\/pt-pt\/portugal-2020\/","og_site_name":"Flattered","article_modified_time":"2025-01-10T14:02:26+00:00","twitter_card":"summary_large_image","twitter_misc":{"Tempo estimado de leitura":"1 minuto"},"schema":{"@context":"https:\/\/schema.org","@graph":[{"@type":"WebPage","@id":"https:\/\/flattered-2024.fera.miewstudio.com\/pt-pt\/portugal-2020\/","url":"https:\/\/flattered-2024.fera.miewstudio.com\/pt-pt\/portugal-2020\/","name":"Portugal 2020 - Flattered","isPartOf":{"@id":"https:\/\/flattered-2024.fera.miewstudio.com\/pt-pt\/#website"},"datePublished":"2024-02-15T12:52:37+00:00","dateModified":"2025-01-10T14:02:26+00:00","inLanguage":"pt-PT","potentialAction":[{"@type":"ReadAction","target":["https:\/\/flattered-2024.fera.miewstudio.com\/pt-pt\/portugal-2020\/"]}]},{"@type":"WebSite","@id":"https:\/\/flattered-2024.fera.miewstudio.com\/pt-pt\/#website","url":"https:\/\/flattered-2024.fera.miewstudio.com\/pt-pt\/","name":"Flattered","description":"Flattered is a Portuguese hospitality project offering serviced apartments in Porto, Lisbon, Tomar and Algarve.","potentialAction":[{"@type":"SearchAction","target":{"@type":"EntryPoint","urlTemplate":"https:\/\/flattered-2024.fera.miewstudio.com\/pt-pt\/?s={search_term_string}"},"query-input":{"@type":"PropertyValueSpecification","valueRequired":true,"valueName":"search_term_string"}}],"inLanguage":"pt-PT"}]}},"_links":{"self":[{"href":"https:\/\/flattered-2024.fera.miewstudio.com\/pt-pt\/wp-json\/wp\/v2\/pages\/1011","targetHints":{"allow":["GET"]}}],"collection":[{"href":"https:\/\/flattered-2024.fera.miewstudio.com\/pt-pt\/wp-json\/wp\/v2\/pages"}],"about":[{"href":"https:\/\/flattered-2024.fera.miewstudio.com\/pt-pt\/wp-json\/wp\/v2\/types\/page"}],"author":[{"embeddable":true,"href":"https:\/\/flattered-2024.fera.miewstudio.com\/pt-pt\/wp-json\/wp\/v2\/users\/1"}],"replies":[{"embeddable":true,"href":"https:\/\/flattered-2024.fera.miewstudio.com\/pt-pt\/wp-json\/wp\/v2\/comments?post=1011"}],"version-history":[{"count":1,"href":"https:\/\/flattered-2024.fera.miewstudio.com\/pt-pt\/wp-json\/wp\/v2\/pages\/1011\/revisions"}],"predecessor-version":[{"id":1012,"href":"https:\/\/flattered-2024.fera.miewstudio.com\/pt-pt\/wp-json\/wp\/v2\/pages\/1011\/revisions\/1012"}],"wp:attachment":[{"href":"https:\/\/flattered-2024.fera.miewstudio.com\/pt-pt\/wp-json\/wp\/v2\/media?parent=1011"}],"curies":[{"name":"wp","href":"https:\/\/api.w.org\/{rel}","templated":true}]}}