{"id":1004,"date":"2024-02-15T11:03:07","date_gmt":"2024-02-15T11:03:07","guid":{"rendered":"https:\/\/flattered-2024.fera.miewstudio.com\/pagina-inicial\/"},"modified":"2025-04-24T16:45:13","modified_gmt":"2025-04-24T16:45:13","slug":"pagina-inicial","status":"publish","type":"page","link":"https:\/\/flattered-2024.fera.miewstudio.com\/pt-pt\/","title":{"rendered":"P\u00e1gina inicial"},"content":{"rendered":"<div class=\"wpb-content-wrapper\"><p>[vc_row row_height_percent=&#8221;0&#8243; columns_gutter=&#8221;&#8221; override_padding=&#8221;yes&#8221; h_padding=&#8221;1&#8243; top_padding=&#8221;8&#8243; bottom_padding=&#8221;5&#8243; back_image=&#8221;183&#8243; shift_y=&#8221;0&#8243; z_index=&#8221;0&#8243; overlay_color=&#8221;rgba(0,0,0,0.2)&#8221; back_color=&#8221;#0f2017&#8243; row_height_pixel=&#8221;100dvh&#8221;][vc_column width=&#8221;1\/4&#8243;][\/vc_column][vc_column position_horizontal=&#8221;d-md-flex justify-content-md-center&#8221; position_vertical=&#8221;d-md-flex align-items-md-center&#8221; align_horizontal=&#8221;text-md-center&#8221; style=&#8221;dark&#8221; mobile_width=&#8221;11&#8243; shift_x=&#8221;0&#8243; shift_y=&#8221;0&#8243; z_index=&#8221;0&#8243; width=&#8221;1\/2&#8243;][vc_custom_heading heading_semantic=&#8221;h1&#8243; text_size=&#8221;h5&#8243; text_transform=&#8221;text-uppercase&#8221; el_class=&#8221;alternative-font text-spaced&#8221;]<span style=\"font-weight: 400;\">\u00a0<\/span><span style=\"font-weight: 400;\">BEM-VINDOS \u00c0 NOSSA CASA<\/span>[\/vc_custom_heading][vc_custom_heading text_size=&#8221;h1&#8243; el_class=&#8221;splitted-text splited-text-padding&#8221;]<i><span style=\"font-weight: 400;\">O conforto nunca foi t\u00e3o lisonjeador.<\/span><\/i>[\/vc_custom_heading][\/vc_column][vc_column width=&#8221;1\/4&#8243;][\/vc_column][\/vc_row][vc_section back_color=&#8221;#0f2017&#8243;][vc_row row_height_percent=&#8221;0&#8243; columns_gutter=&#8221;&#8221; override_padding=&#8221;yes&#8221; h_padding=&#8221;0&#8243; top_padding=&#8221;3&#8243; bottom_padding=&#8221;1&#8243; mobile_visibility=&#8221;yes&#8221; shift_y=&#8221;0&#8243; z_index=&#8221;0&#8243; el_class=&#8221;position-absolute&#8221; row_name=&#8221;home-content&#8221;][vc_column width=&#8221;1\/1&#8243;][vc_row_inner row_height_percent=&#8221;0&#8243; columns_gutter=&#8221;&#8221; shift_y=&#8221;0&#8243; z_index=&#8221;0&#8243;][vc_column_inner width=&#8221;1\/12&#8243;][\/vc_column_inner][vc_column_inner position_horizontal=&#8221;&#8221; style=&#8221;dark&#8221; mobile_width=&#8221;11&#8243; shift_x=&#8221;0&#8243; shift_y=&#8221;0&#8243; z_index=&#8221;0&#8243; width=&#8221;1\/6&#8243;][vc_single_image media_div=&#8221;background&#8221; media=&#8221;187&#8243; css_animation=&#8221;masked&#8221; el_class=&#8221;img-parallax mt-adapt-4&#8243;][\/vc_single_image][\/vc_column_inner][vc_column_inner width=&#8221;1\/2&#8243;][\/vc_column_inner][vc_column_inner position_horizontal=&#8221;&#8221; style=&#8221;dark&#8221; mobile_width=&#8221;11&#8243; shift_x=&#8221;0&#8243; shift_y=&#8221;0&#8243; z_index=&#8221;0&#8243; width=&#8221;1\/6&#8243; el_class=&#8221;mt-adapt-8&#8243;][vc_single_image media_div=&#8221;background&#8221; media=&#8221;633&#8243; css_animation=&#8221;masked&#8221; el_class=&#8221;img-parallax img-line line-right&#8221;][\/vc_single_image][\/vc_column_inner][vc_column_inner width=&#8221;1\/12&#8243;][\/vc_column_inner][\/vc_row_inner][\/vc_column][\/vc_row][vc_row row_height_percent=&#8221;0&#8243; columns_gutter=&#8221;&#8221; override_padding=&#8221;yes&#8221; h_padding=&#8221;1&#8243; top_padding=&#8221;7&#8243; bottom_padding=&#8221;1&#8243; shift_y=&#8221;0&#8243; z_index=&#8221;0&#8243;][vc_column position_horizontal=&#8221;&#8221; style=&#8221;dark&#8221; mobile_width=&#8221;11&#8243; shift_x=&#8221;0&#8243; shift_y=&#8221;0&#8243; z_index=&#8221;0&#8243; width=&#8221;1\/4&#8243;][vc_custom_heading heading_semantic=&#8221;h5&#8243; text_size=&#8221;h5&#8243; mobile_visibility=&#8221;yes&#8221; el_class=&#8221;side-text side-left&#8221;]Um novo local para ser Flattered.[\/vc_custom_heading][\/vc_column][vc_column position_horizontal=&#8221;&#8221; align_horizontal=&#8221;text-md-center&#8221; style=&#8221;dark&#8221; shift_x=&#8221;0&#8243; shift_y=&#8221;0&#8243; z_index=&#8221;0&#8243; width=&#8221;1\/2&#8243;][vc_custom_heading heading_semantic=&#8221;h6&#8243; text_size=&#8221;h6&#8243; text_transform=&#8221;text-uppercase&#8221; css_animation=&#8221;alpha-anim&#8221; el_class=&#8221;alternative-font text-spaced&#8221;]Flattered apartments[\/vc_custom_heading][vc_custom_heading heading_semantic=&#8221;h4&#8243; text_size=&#8221;h3&#8243; css_animation=&#8221;alpha-anim&#8221; el_class=&#8221;mt-adapt-6&#8243;]<span style=\"font-weight: 400;\">Um lugar onde o <em>conforto<\/em> \u00e9 celebrado, a aten\u00e7\u00e3o aos detalhes \u00e9 a norma, e a hospitalidade traz felicidade.<\/span>[\/vc_custom_heading][vc_btn display=&#8221;inline-block&#8221; btn_size=&#8221;button-big&#8221; i_align=&#8221;right&#8221; css_animation=&#8221;alpha-anim&#8221; link=&#8221;url:https%3A%2F%2Fflattered-2024.fera.miewstudio.com%2Fpt-pt%2Fapartamentos%2F|title:APARTAMENTOS|&#8221; icon=&#8221;icon-arrow-big-right&#8221; id=&#8221;ko06qd3sp&#8221; el_class=&#8221;mt-adapt-6&#8243;]<span style=\"font-weight: 400;\">CONHE\u00c7A OS NOSSOS APARTAMENTOS<\/span>[\/vc_btn][\/vc_column][vc_column position_horizontal=&#8221;&#8221; style=&#8221;dark&#8221; mobile_width=&#8221;11&#8243; shift_x=&#8221;0&#8243; shift_y=&#8221;0&#8243; z_index=&#8221;0&#8243; width=&#8221;1\/4&#8243;][vc_custom_heading heading_semantic=&#8221;h5&#8243; text_size=&#8221;h5&#8243; mobile_visibility=&#8221;yes&#8221; el_class=&#8221;side-text side-right&#8221;]Porto \/ Lisboa \/ Tomar \/ Algarve[\/vc_custom_heading][\/vc_column][\/vc_row][vc_row row_height_percent=&#8221;0&#8243; override_padding=&#8221;yes&#8221; h_padding=&#8221;0&#8243; top_padding=&#8221;0&#8243; bottom_padding=&#8221;0&#8243; mobile_visibility=&#8221;yes&#8221; shift_y=&#8221;0&#8243; z_index=&#8221;0&#8243;][vc_column width=&#8221;2\/12&#8243;][\/vc_column][vc_column position_horizontal=&#8221;&#8221; style=&#8221;dark&#8221; shift_x=&#8221;0&#8243; shift_y=&#8221;0&#8243; z_index=&#8221;0&#8243; width=&#8221;3\/12&#8243;][vc_single_image media_div=&#8221;background&#8221; media=&#8221;144&#8243; css_animation=&#8221;masked&#8221; el_class=&#8221;img-parallax mt-adapt-4 mt-adapt-md-8&#8243;][\/vc_single_image][\/vc_column][vc_column width=&#8221;3\/12&#8243;][\/vc_column][vc_column position_horizontal=&#8221;&#8221; style=&#8221;dark&#8221; shift_x=&#8221;0&#8243; shift_y=&#8221;0&#8243; z_index=&#8221;0&#8243; width=&#8221;3\/12&#8243;][vc_single_image media_div=&#8221;background&#8221; media=&#8221;142&#8243; css_animation=&#8221;masked&#8221; el_class=&#8221;img-parallax mt-adapt-4 mt-adapt-md-9&#8243;][\/vc_single_image][\/vc_column][vc_column width=&#8221;1\/12&#8243;][\/vc_column][\/vc_row][vc_row row_height_percent=&#8221;0&#8243; columns_gutter=&#8221;&#8221; override_padding=&#8221;yes&#8221; h_padding=&#8221;1&#8243; top_padding=&#8221;3&#8243; bottom_padding=&#8221;4&#8243; shift_y=&#8221;0&#8243; z_index=&#8221;0&#8243;][vc_column width=&#8221;1\/1&#8243;][miew_block id=&#8221;197&#8243;][\/vc_column][\/vc_row][vc_row row_height_percent=&#8221;0&#8243; columns_gutter=&#8221;&#8221; override_padding=&#8221;yes&#8221; h_padding=&#8221;1&#8243; top_padding=&#8221;3&#8243; bottom_padding=&#8221;4&#8243; shift_y=&#8221;0&#8243; z_index=&#8221;0&#8243;][vc_column position_horizontal=&#8221;&#8221; style=&#8221;dark&#8221; mobile_width=&#8221;11&#8243; shift_x=&#8221;0&#8243; shift_y=&#8221;0&#8243; z_index=&#8221;0&#8243; width=&#8221;1\/12&#8243; mobile_order=&#8221;3&#8243;][vc_custom_heading heading_semantic=&#8221;h5&#8243; text_size=&#8221;h5&#8243; mobile_visibility=&#8221;yes&#8221; el_class=&#8221;side-text side-left&#8221;]Um novo local para ser Flattered.[\/vc_custom_heading][\/vc_column][vc_column position_horizontal=&#8221;&#8221; position_vertical=&#8221;d-md-flex align-items-md-center&#8221; style=&#8221;dark&#8221; mobile_width=&#8221;11&#8243; shift_x=&#8221;0&#8243; shift_y=&#8221;0&#8243; z_index=&#8221;0&#8243; width=&#8221;1\/3&#8243; mobile_order=&#8221;2&#8243;][vc_custom_heading heading_semantic=&#8221;h6&#8243; text_size=&#8221;h6&#8243; text_transform=&#8221;text-uppercase&#8221; css_animation=&#8221;alpha-anim&#8221; el_class=&#8221;text-spaced&#8221;]<span style=\"font-weight: 400;\">EXPLORAR CONNOSCO<\/span>[\/vc_custom_heading][vc_column_text css_animation=&#8221;alpha-anim&#8221; el_class=&#8221;mt-adapt-6&#8243;]<span style=\"font-weight: 400;\">Viajar pode ter muitas motiva\u00e7\u00f5es: uma aventura, uma viagem em fam\u00edlia, uma escapadela rom\u00e2ntica, um retiro espiritual ou simplesmente uma viagem de neg\u00f3cios.<\/span><\/p>\n<p><span style=\"font-weight: 400;\">No entanto, h\u00e1 sempre um tra\u00e7o comum entre os nossos h\u00f3spedes, todos eles querem sentir-se como se fossem locais.<\/span><\/p>\n<p><span style=\"font-weight: 400;\">Por isso, concentramo-nos nos pequenos detalhes. Alguns mais f\u00edsicos, outros mais emocionais. Pequenas coisas que podem acrescentar aquele pormenor extra para tornar a sua estadia memor\u00e1vel. No final, como costumamos dizer:<\/span><\/p>\n<p><span style=\"font-weight: 400;\">\u201c\u00c9 a sensa\u00e7\u00e3o de te sentires em casa longe de casa. \u00c9 sentir que algu\u00e9m est\u00e1 a cuidar de ti\u201d.<\/span>[\/vc_column_text][vc_btn display=&#8221;inline-block&#8221; btn_size=&#8221;button-big&#8221; i_align=&#8221;right&#8221; css_animation=&#8221;alpha-anim&#8221; link=&#8221;url:https%3A%2F%2Fflattered-2024.fera.miewstudio.com%2Fpt-pt%2Fsobre-nos%2F|title:SOBRE%20N%C3%93S|&#8221; icon=&#8221;icon-arrow-big-right&#8221; id=&#8221;ko06qd3sp&#8221; el_class=&#8221;mt-adapt-6&#8243;]<span style=\"font-weight: 400;\">SOBRE N\u00d3S<\/span>[\/vc_btn][\/vc_column][vc_column position_horizontal=&#8221;&#8221; mobile_width=&#8221;11&#8243; shift_x=&#8221;0&#8243; shift_y=&#8221;0&#8243; z_index=&#8221;0&#8243; width=&#8221;1\/12&#8243; mobile_order=&#8221;3&#8243;][\/vc_column][vc_column position_horizontal=&#8221;&#8221; position_vertical=&#8221;d-md-flex align-items-md-center&#8221; style=&#8221;dark&#8221; mobile_width=&#8221;11&#8243; shift_x=&#8221;0&#8243; shift_y=&#8221;0&#8243; z_index=&#8221;0&#8243; width=&#8221;5\/12&#8243; mobile_order=&#8221;1&#8243; el_class=&#8221;mb-adapt-6 mb-adapt-md-0&#8243;][vc_video cover_image=&#8221;1813&#8243; video_link=&#8221;https:\/\/youtu.be\/ZMFbB4wfIuI&#8221;][\/vc_column][vc_column style=&#8221;dark&#8221; width=&#8221;1\/12&#8243;][vc_custom_heading heading_semantic=&#8221;h5&#8243; text_size=&#8221;h5&#8243; mobile_visibility=&#8221;yes&#8221; el_class=&#8221;side-text side-right&#8221;]Porto \/ Lisboa \/ Tomar \/ Algarve[\/vc_custom_heading][\/vc_column][\/vc_row][vc_row row_height_percent=&#8221;0&#8243; columns_gutter=&#8221;&#8221; override_padding=&#8221;yes&#8221; h_padding=&#8221;1&#8243; top_padding=&#8221;3&#8243; bottom_padding=&#8221;3&#8243; shift_y=&#8221;0&#8243; z_index=&#8221;0&#8243; el_class=&#8221;locations-scrolling mt-adapt-8 pb-adapt-9&#8243;][vc_column width=&#8221;1\/6&#8243;][\/vc_column][vc_column position_horizontal=&#8221;&#8221; align_horizontal=&#8221;text-md-center&#8221; style=&#8221;dark&#8221; shift_x=&#8221;0&#8243; shift_y=&#8221;0&#8243; z_index=&#8221;0&#8243; width=&#8221;2\/3&#8243;][vc_row_inner row_height_percent=&#8221;0&#8243; columns_gutter=&#8221;&#8221; shift_y=&#8221;0&#8243; z_index=&#8221;10&#8243;][vc_column_inner position_horizontal=&#8221;&#8221; align_horizontal=&#8221;text-md-center&#8221; style=&#8221;dark&#8221; shift_x=&#8221;0&#8243; shift_y=&#8221;0&#8243; z_index=&#8221;0&#8243; width=&#8221;1\/1&#8243;][vc_custom_heading heading_semantic=&#8221;h3&#8243; text_size=&#8221;h1&#8243;]Visite as nossas <em>localidades<\/em>[\/vc_custom_heading][\/vc_column_inner][\/vc_row_inner][vc_row_inner row_height_percent=&#8221;0&#8243; columns_gutter=&#8221;yes&#8221; shift_y=&#8221;0&#8243; z_index=&#8221;0&#8243; el_class=&#8221;cards-parallax mt-neg-adapt-6&#8243;][vc_column_inner position_horizontal=&#8221;&#8221; style=&#8221;dark&#8221; mobile_width=&#8221;5&#8243; shift_x=&#8221;0&#8243; shift_y=&#8221;0&#8243; z_index=&#8221;0&#8243; width=&#8221;1\/2&#8243;]<div class=\"posts_grid \" data-post=\"locations\" data-name=\"locations\" data-label=\"locations\" id=\"locations\" data-loadmore=\"\"><div class=\"locations-divs text-left\">\n\t<figure>\n\t\t<picture><div class=\"aspectRatioPlaceholder\" style=\"margin:auto; \"><div class=\"fill\" style=\"padding-bottom: 139.77272727273%\"><\/div><\/div><span role=\"img\" aria-label=\"\" class=\"has_bg\" data-background-image=\"https:\/\/flattered-2024.fera.miewstudio.com\/wp-content\/uploads\/2024\/02\/Locations_Tomar.webp\"><\/span><\/picture>\n\t\t<figcaption class=\"mt-adapt-3\">\n  <h3 class=\"h1 text-uppercase\">Tomar<\/h3>\n<\/figcaption>\n\t\t<a class=\"linker\" href=\"https:\/\/flattered-2024.fera.miewstudio.com\/pt-pt\/locations\/tomar\/\" data-remote=\"true\"><\/a>\n\t<\/figure>\n<\/div><div class=\"locations-divs text-left\">\n\t<figure>\n\t\t<picture><div class=\"aspectRatioPlaceholder\" style=\"margin:auto; \"><div class=\"fill\" style=\"padding-bottom: 139.77272727273%\"><\/div><\/div><span role=\"img\" aria-label=\"\" class=\"has_bg\" data-background-image=\"https:\/\/flattered-2024.fera.miewstudio.com\/wp-content\/uploads\/2024\/02\/flattered_location_Tavira.webp\"><\/span><\/picture>\n\t\t<figcaption class=\"mt-adapt-3\">\n  <h3 class=\"h1 text-uppercase\">Tavira<\/h3>\n<\/figcaption>\n\t\t<a class=\"linker\" href=\"https:\/\/flattered-2024.fera.miewstudio.com\/pt-pt\/locations\/tavira\/\" data-remote=\"true\"><\/a>\n\t<\/figure>\n<\/div><\/div>[\/vc_column_inner][vc_column_inner position_horizontal=&#8221;&#8221; style=&#8221;dark&#8221; mobile_width=&#8221;5&#8243; shift_x=&#8221;0&#8243; shift_y=&#8221;0&#8243; z_index=&#8221;0&#8243; width=&#8221;1\/2&#8243;]<div class=\"posts_grid \" data-post=\"locations\" data-name=\"locations\" data-label=\"locations\" id=\"locations\" data-loadmore=\"\"><div class=\"locations-divs text-left\">\n\t<figure>\n\t\t<picture><div class=\"aspectRatioPlaceholder\" style=\"margin:auto; \"><div class=\"fill\" style=\"padding-bottom: 139.77272727273%\"><\/div><\/div><span role=\"img\" aria-label=\"\" class=\"has_bg\" data-background-image=\"https:\/\/flattered-2024.fera.miewstudio.com\/wp-content\/uploads\/2024\/02\/Locations_Porto.jpg\"><\/span><\/picture>\n\t\t<figcaption class=\"mt-adapt-3\">\n  <h3 class=\"h1 text-uppercase\">Porto<\/h3>\n<\/figcaption>\n\t\t<a class=\"linker\" href=\"https:\/\/flattered-2024.fera.miewstudio.com\/pt-pt\/locations\/porto\/\" data-remote=\"true\"><\/a>\n\t<\/figure>\n<\/div><div class=\"locations-divs text-left\">\n\t<figure>\n\t\t<picture><div class=\"aspectRatioPlaceholder\" style=\"margin:auto; \"><div class=\"fill\" style=\"padding-bottom: 139.77272727273%\"><\/div><\/div><span role=\"img\" aria-label=\"\" class=\"has_bg\" data-background-image=\"https:\/\/flattered-2024.fera.miewstudio.com\/wp-content\/uploads\/2024\/02\/Locations_Lisbon.jpg\"><\/span><\/picture>\n\t\t<figcaption class=\"mt-adapt-3\">\n  <h3 class=\"h1 text-uppercase\">Lisboa<\/h3>\n<\/figcaption>\n\t\t<a class=\"linker\" href=\"https:\/\/flattered-2024.fera.miewstudio.com\/pt-pt\/locations\/lisbon\/\" data-remote=\"true\"><\/a>\n\t<\/figure>\n<\/div><\/div>[\/vc_column_inner][\/vc_row_inner][\/vc_column][vc_column width=&#8221;1\/6&#8243;][\/vc_column][\/vc_row][\/vc_section][vc_row row_height_percent=&#8221;0&#8243; columns_gutter=&#8221;&#8221; override_padding=&#8221;yes&#8221; h_padding=&#8221;1&#8243; top_padding=&#8221;4&#8243; bottom_padding=&#8221;3&#8243; shift_y=&#8221;0&#8243; z_index=&#8221;0&#8243; back_color=&#8221;#eeeae2&#8243;][vc_column width=&#8221;1\/1&#8243;][vc_custom_heading heading_semantic=&#8221;h3&#8243; text_size=&#8221;h3&#8243; el_class=&#8221;splitted-text mb-adapt-4&#8243;]Conhe\u00e7a todas as nossas <em>dicas<\/em>[\/vc_custom_heading][vc_raw_html]W2Jsb2dfY2F0ZWdvcmllc10=[\/vc_raw_html][vc_row_inner row_height_percent=&#8221;0&#8243; columns_gutter=&#8221;&#8221; override_padding=&#8221;yes&#8221; h_padding=&#8221;0&#8243; top_padding=&#8221;2&#8243; bottom_padding=&#8221;0&#8243; shift_y=&#8221;0&#8243; z_index=&#8221;0&#8243;][vc_column_inner position_horizontal=&#8221;&#8221; align_horizontal=&#8221;text-md-center&#8221; mobile_width=&#8221;11&#8243; shift_x=&#8221;0&#8243; shift_y=&#8221;0&#8243; z_index=&#8221;0&#8243; width=&#8221;1\/1&#8243;][vc_btn display=&#8221;inline-block&#8221; btn_size=&#8221;button-big&#8221; css_animation=&#8221;alpha-anim&#8221; link=&#8221;url:https%3A%2F%2Fflattered-2024.fera.miewstudio.com%2Fpt-pt%2Fblogue%2F|title:BLOG|&#8221; id=&#8221;r0xzku22k&#8221;]L\u00ea o nosso jornal[\/vc_btn][\/vc_column_inner][\/vc_row_inner][\/vc_column][\/vc_row][vc_row][vc_column width=&#8221;1\/1&#8243;][miew_block id=&#8221;509&#8243;][\/vc_column][\/vc_row][vc_row][vc_column width=&#8221;1\/1&#8243;][miew_block id=&#8221;52&#8243;][\/vc_column][\/vc_row]<\/p>\n<\/div>","protected":false},"excerpt":{"rendered":"<p>[vc_row row_height_percent=&#8221;0&#8243; columns_gutter=&#8221;&#8221; override_padding=&#8221;yes&#8221; h_padding=&#8221;1&#8243; top_padding=&#8221;8&#8243; bottom_padding=&#8221;5&#8243; back_image=&#8221;183&#8243; shift_y=&#8221;0&#8243; z_index=&#8221;0&#8243; overlay_color=&#8221;rgba(0,0,0,0.2)&#8221; back_color=&#8221;#0f2017&#8243; row_height_pixel=&#8221;100dvh&#8221;][vc_column width=&#8221;1\/4&#8243;][\/vc_column][vc_column position_horizontal=&#8221;d-md-flex justify-content-md-center&#8221; position_vertical=&#8221;d-md-flex align-items-md-center&#8221; align_horizontal=&#8221;text-md-center&#8221; style=&#8221;dark&#8221; mobile_width=&#8221;11&#8243; shift_x=&#8221;0&#8243; shift_y=&#8221;0&#8243; z_index=&#8221;0&#8243; width=&#8221;1\/2&#8243;][vc_custom_heading heading_semantic=&#8221;h1&#8243; text_size=&#8221;h5&#8243; text_transform=&#8221;text-uppercase&#8221; el_class=&#8221;alternative-font text-spaced&#8221;]\u00a0BEM-VINDOS \u00c0 NOSSA CASA[\/vc_custom_heading][vc_custom_heading text_size=&#8221;h1&#8243; el_class=&#8221;splitted-text splited-text-padding&#8221;]O conforto nunca foi t\u00e3o lisonjeador.[\/vc_custom_heading][\/vc_column][vc_column width=&#8221;1\/4&#8243;][\/vc_column][\/vc_row][vc_section back_color=&#8221;#0f2017&#8243;][vc_row row_height_percent=&#8221;0&#8243; columns_gutter=&#8221;&#8221; override_padding=&#8221;yes&#8221; h_padding=&#8221;0&#8243; top_padding=&#8221;3&#8243; bottom_padding=&#8221;1&#8243; mobile_visibility=&#8221;yes&#8221; shift_y=&#8221;0&#8243; z_index=&#8221;0&#8243; el_class=&#8221;position-absolute&#8221; row_name=&#8221;home-content&#8221;][vc_column width=&#8221;1\/1&#8243;][vc_row_inner [&hellip;]<\/p>\n","protected":false},"author":1,"featured_media":0,"parent":0,"menu_order":0,"comment_status":"closed","ping_status":"closed","template":"","meta":{"footnotes":""},"class_list":["post-1004","page","type-page","status-publish","hentry"],"acf":[],"yoast_head":"<!-- This site is optimized with the Yoast SEO plugin v25.0 - https:\/\/yoast.com\/wordpress\/plugins\/seo\/ -->\n<title>P\u00e1gina inicial - Flattered<\/title>\n<meta name=\"robots\" content=\"noindex, follow, max-snippet:-1, max-image-preview:large, max-video-preview:-1\" \/>\n<meta property=\"og:locale\" content=\"pt_PT\" \/>\n<meta property=\"og:type\" content=\"article\" \/>\n<meta property=\"og:title\" content=\"P\u00e1gina inicial - Flattered\" \/>\n<meta property=\"og:description\" content=\"[vc_row row_height_percent=&#8221;0&#8243; columns_gutter=&#8221;&#8221; override_padding=&#8221;yes&#8221; h_padding=&#8221;1&#8243; top_padding=&#8221;8&#8243; bottom_padding=&#8221;5&#8243; back_image=&#8221;183&#8243; shift_y=&#8221;0&#8243; z_index=&#8221;0&#8243; overlay_color=&#8221;rgba(0,0,0,0.2)&#8221; back_color=&#8221;#0f2017&#8243; row_height_pixel=&#8221;100dvh&#8221;][vc_column width=&#8221;1\/4&#8243;][\/vc_column][vc_column position_horizontal=&#8221;d-md-flex justify-content-md-center&#8221; position_vertical=&#8221;d-md-flex align-items-md-center&#8221; align_horizontal=&#8221;text-md-center&#8221; style=&#8221;dark&#8221; mobile_width=&#8221;11&#8243; shift_x=&#8221;0&#8243; shift_y=&#8221;0&#8243; z_index=&#8221;0&#8243; width=&#8221;1\/2&#8243;][vc_custom_heading heading_semantic=&#8221;h1&#8243; text_size=&#8221;h5&#8243; text_transform=&#8221;text-uppercase&#8221; el_class=&#8221;alternative-font text-spaced&#8221;]\u00a0BEM-VINDOS \u00c0 NOSSA CASA[\/vc_custom_heading][vc_custom_heading text_size=&#8221;h1&#8243; el_class=&#8221;splitted-text splited-text-padding&#8221;]O conforto nunca foi t\u00e3o lisonjeador.[\/vc_custom_heading][\/vc_column][vc_column width=&#8221;1\/4&#8243;][\/vc_column][\/vc_row][vc_section back_color=&#8221;#0f2017&#8243;][vc_row row_height_percent=&#8221;0&#8243; columns_gutter=&#8221;&#8221; override_padding=&#8221;yes&#8221; h_padding=&#8221;0&#8243; top_padding=&#8221;3&#8243; bottom_padding=&#8221;1&#8243; mobile_visibility=&#8221;yes&#8221; shift_y=&#8221;0&#8243; z_index=&#8221;0&#8243; el_class=&#8221;position-absolute&#8221; row_name=&#8221;home-content&#8221;][vc_column width=&#8221;1\/1&#8243;][vc_row_inner [&hellip;]\" \/>\n<meta property=\"og:url\" content=\"https:\/\/flattered-2024.fera.miewstudio.com\/pt-pt\/\" \/>\n<meta property=\"og:site_name\" content=\"Flattered\" \/>\n<meta property=\"article:modified_time\" content=\"2025-04-24T16:45:13+00:00\" \/>\n<meta name=\"twitter:card\" content=\"summary_large_image\" \/>\n<meta name=\"twitter:label1\" content=\"Tempo estimado de leitura\" \/>\n\t<meta name=\"twitter:data1\" content=\"3 minutos\" \/>\n<script type=\"application\/ld+json\" class=\"yoast-schema-graph\">{\"@context\":\"https:\/\/schema.org\",\"@graph\":[{\"@type\":\"WebPage\",\"@id\":\"https:\/\/flattered-2024.fera.miewstudio.com\/pt-pt\/\",\"url\":\"https:\/\/flattered-2024.fera.miewstudio.com\/pt-pt\/\",\"name\":\"P\u00e1gina inicial - Flattered\",\"isPartOf\":{\"@id\":\"https:\/\/flattered-2024.fera.miewstudio.com\/pt-pt\/#website\"},\"datePublished\":\"2024-02-15T11:03:07+00:00\",\"dateModified\":\"2025-04-24T16:45:13+00:00\",\"inLanguage\":\"pt-PT\",\"potentialAction\":[{\"@type\":\"ReadAction\",\"target\":[\"https:\/\/flattered-2024.fera.miewstudio.com\/pt-pt\/\"]}]},{\"@type\":\"WebSite\",\"@id\":\"https:\/\/flattered-2024.fera.miewstudio.com\/pt-pt\/#website\",\"url\":\"https:\/\/flattered-2024.fera.miewstudio.com\/pt-pt\/\",\"name\":\"Flattered\",\"description\":\"Flattered is a Portuguese hospitality project offering serviced apartments in Porto, Lisbon, Tomar and Algarve.\",\"potentialAction\":[{\"@type\":\"SearchAction\",\"target\":{\"@type\":\"EntryPoint\",\"urlTemplate\":\"https:\/\/flattered-2024.fera.miewstudio.com\/pt-pt\/?s={search_term_string}\"},\"query-input\":{\"@type\":\"PropertyValueSpecification\",\"valueRequired\":true,\"valueName\":\"search_term_string\"}}],\"inLanguage\":\"pt-PT\"}]}<\/script>\n<!-- \/ Yoast SEO plugin. -->","yoast_head_json":{"title":"P\u00e1gina inicial - Flattered","robots":{"index":"noindex","follow":"follow","max-snippet":"max-snippet:-1","max-image-preview":"max-image-preview:large","max-video-preview":"max-video-preview:-1"},"og_locale":"pt_PT","og_type":"article","og_title":"P\u00e1gina inicial - Flattered","og_description":"[vc_row row_height_percent=&#8221;0&#8243; columns_gutter=&#8221;&#8221; override_padding=&#8221;yes&#8221; h_padding=&#8221;1&#8243; top_padding=&#8221;8&#8243; bottom_padding=&#8221;5&#8243; back_image=&#8221;183&#8243; shift_y=&#8221;0&#8243; z_index=&#8221;0&#8243; overlay_color=&#8221;rgba(0,0,0,0.2)&#8221; back_color=&#8221;#0f2017&#8243; row_height_pixel=&#8221;100dvh&#8221;][vc_column width=&#8221;1\/4&#8243;][\/vc_column][vc_column position_horizontal=&#8221;d-md-flex justify-content-md-center&#8221; position_vertical=&#8221;d-md-flex align-items-md-center&#8221; align_horizontal=&#8221;text-md-center&#8221; style=&#8221;dark&#8221; mobile_width=&#8221;11&#8243; shift_x=&#8221;0&#8243; shift_y=&#8221;0&#8243; z_index=&#8221;0&#8243; width=&#8221;1\/2&#8243;][vc_custom_heading heading_semantic=&#8221;h1&#8243; text_size=&#8221;h5&#8243; text_transform=&#8221;text-uppercase&#8221; el_class=&#8221;alternative-font text-spaced&#8221;]\u00a0BEM-VINDOS \u00c0 NOSSA CASA[\/vc_custom_heading][vc_custom_heading text_size=&#8221;h1&#8243; el_class=&#8221;splitted-text splited-text-padding&#8221;]O conforto nunca foi t\u00e3o lisonjeador.[\/vc_custom_heading][\/vc_column][vc_column width=&#8221;1\/4&#8243;][\/vc_column][\/vc_row][vc_section back_color=&#8221;#0f2017&#8243;][vc_row row_height_percent=&#8221;0&#8243; columns_gutter=&#8221;&#8221; override_padding=&#8221;yes&#8221; h_padding=&#8221;0&#8243; top_padding=&#8221;3&#8243; bottom_padding=&#8221;1&#8243; mobile_visibility=&#8221;yes&#8221; shift_y=&#8221;0&#8243; z_index=&#8221;0&#8243; el_class=&#8221;position-absolute&#8221; row_name=&#8221;home-content&#8221;][vc_column width=&#8221;1\/1&#8243;][vc_row_inner [&hellip;]","og_url":"https:\/\/flattered-2024.fera.miewstudio.com\/pt-pt\/","og_site_name":"Flattered","article_modified_time":"2025-04-24T16:45:13+00:00","twitter_card":"summary_large_image","twitter_misc":{"Tempo estimado de leitura":"3 minutos"},"schema":{"@context":"https:\/\/schema.org","@graph":[{"@type":"WebPage","@id":"https:\/\/flattered-2024.fera.miewstudio.com\/pt-pt\/","url":"https:\/\/flattered-2024.fera.miewstudio.com\/pt-pt\/","name":"P\u00e1gina inicial - Flattered","isPartOf":{"@id":"https:\/\/flattered-2024.fera.miewstudio.com\/pt-pt\/#website"},"datePublished":"2024-02-15T11:03:07+00:00","dateModified":"2025-04-24T16:45:13+00:00","inLanguage":"pt-PT","potentialAction":[{"@type":"ReadAction","target":["https:\/\/flattered-2024.fera.miewstudio.com\/pt-pt\/"]}]},{"@type":"WebSite","@id":"https:\/\/flattered-2024.fera.miewstudio.com\/pt-pt\/#website","url":"https:\/\/flattered-2024.fera.miewstudio.com\/pt-pt\/","name":"Flattered","description":"Flattered is a Portuguese hospitality project offering serviced apartments in Porto, Lisbon, Tomar and Algarve.","potentialAction":[{"@type":"SearchAction","target":{"@type":"EntryPoint","urlTemplate":"https:\/\/flattered-2024.fera.miewstudio.com\/pt-pt\/?s={search_term_string}"},"query-input":{"@type":"PropertyValueSpecification","valueRequired":true,"valueName":"search_term_string"}}],"inLanguage":"pt-PT"}]}},"_links":{"self":[{"href":"https:\/\/flattered-2024.fera.miewstudio.com\/pt-pt\/wp-json\/wp\/v2\/pages\/1004","targetHints":{"allow":["GET"]}}],"collection":[{"href":"https:\/\/flattered-2024.fera.miewstudio.com\/pt-pt\/wp-json\/wp\/v2\/pages"}],"about":[{"href":"https:\/\/flattered-2024.fera.miewstudio.com\/pt-pt\/wp-json\/wp\/v2\/types\/page"}],"author":[{"embeddable":true,"href":"https:\/\/flattered-2024.fera.miewstudio.com\/pt-pt\/wp-json\/wp\/v2\/users\/1"}],"replies":[{"embeddable":true,"href":"https:\/\/flattered-2024.fera.miewstudio.com\/pt-pt\/wp-json\/wp\/v2\/comments?post=1004"}],"version-history":[{"count":21,"href":"https:\/\/flattered-2024.fera.miewstudio.com\/pt-pt\/wp-json\/wp\/v2\/pages\/1004\/revisions"}],"predecessor-version":[{"id":1378,"href":"https:\/\/flattered-2024.fera.miewstudio.com\/pt-pt\/wp-json\/wp\/v2\/pages\/1004\/revisions\/1378"}],"wp:attachment":[{"href":"https:\/\/flattered-2024.fera.miewstudio.com\/pt-pt\/wp-json\/wp\/v2\/media?parent=1004"}],"curies":[{"name":"wp","href":"https:\/\/api.w.org\/{rel}","templated":true}]}}